{"id":3217,"date":"2025-12-05T16:09:33","date_gmt":"2025-12-05T15:09:33","guid":{"rendered":"https:\/\/www.ekovore.com\/product\/uritrottoir-urbain-grande-capacite\/"},"modified":"2026-04-28T17:57:20","modified_gmt":"2026-04-28T15:57:20","slug":"uritrottoir-large-capacity-urban","status":"publish","type":"product","link":"https:\/\/www.ekovore.com\/en\/product\/uritrottoir-large-capacity-urban\/","title":{"rendered":"URITROTTOIR | maxi"},"content":{"rendered":"<p>L&#8217;Uritrottoir Maxi est un urinoir public sans eau ni raccordement, con\u00e7u pour les collectivit\u00e9s et les gestionnaires d&#8217;espaces urbains \u00e0 forte fr\u00e9quentation. Il r\u00e9pond \u00e0 un probl\u00e8me concret : les mictions sauvages dans les zones pi\u00e9tonnes, les centres historiques et les abords de lieux festifs. Sans branchement \u00e0 l&#8217;eau ni \u00e0 l&#8217;\u00e9gout, il s&#8217;installe sur trottoir ou en pied de mur sans g\u00e9nie civil. Son toit \u00e0 double pente emp\u00eache tout d\u00e9p\u00f4t d&#8217;objets ou de d\u00e9chets.   <\/p>\n<h4>Its main features:<\/h4>\n<div>&#8211; Capacity of 220 litres of urine<\/div>\n<div>&#8211; Up to 440 litres thanks to connected tanks, in side-by-side or back-to-back configuration<\/div>\n<div>&#8211; With or without privacy screens, depending on usage and context<\/div>\n<div>&#8211; Double anti-deposit slope at the top, preventing any accumulation of objects or waste<\/div>\n<div>&#8211; Communicating probes for remote monitoring of fill levels<\/div>\n<div>Functionality designed for public spaces, their actual uses and constraints.<\/div>\n<p>&nbsp;<\/p>\n<p><img loading=\"lazy\" decoding=\"async\" class=\"alignnone size-medium wp-image-3619\" src=\"https:\/\/www.ekovore.com\/app\/uploads\/2025\/12\/Uritrottoir-MAXI-Toulouse-Esplanade-Bertrand-de-Montaigut-2000-690x346.jpg\" alt=\"\" width=\"690\" height=\"346\" srcset=\"https:\/\/www.ekovore.com\/app\/uploads\/2025\/12\/Uritrottoir-MAXI-Toulouse-Esplanade-Bertrand-de-Montaigut-2000-690x346.jpg 690w, https:\/\/www.ekovore.com\/app\/uploads\/2025\/12\/Uritrottoir-MAXI-Toulouse-Esplanade-Bertrand-de-Montaigut-2000-1024x514.jpg 1024w, https:\/\/www.ekovore.com\/app\/uploads\/2025\/12\/Uritrottoir-MAXI-Toulouse-Esplanade-Bertrand-de-Montaigut-2000-768x386.jpg 768w, https:\/\/www.ekovore.com\/app\/uploads\/2025\/12\/Uritrottoir-MAXI-Toulouse-Esplanade-Bertrand-de-Montaigut-2000-1536x771.jpg 1536w, https:\/\/www.ekovore.com\/app\/uploads\/2025\/12\/Uritrottoir-MAXI-Toulouse-Esplanade-Bertrand-de-Montaigut-2000-2048x1028.jpg 2048w, https:\/\/www.ekovore.com\/app\/uploads\/2025\/12\/Uritrottoir-MAXI-Toulouse-Esplanade-Bertrand-de-Montaigut-2000-416x209.jpg 416w\" sizes=\"auto, (max-width: 690px) 100vw, 690px\" \/><\/p>\n<p class=\"p1\">In all places where communities have to manage large numbers of people\u2014town centres, restaurants, events or public facilities\u2014the Uritrottoir Maxi offers an environmentally friendly, economical and practical solution. Furthermore, thanks to its 24-hour accessibility, it offers an immediate solution after the bars close. This makes the streets cleaner.<\/p>\n<p><img loading=\"lazy\" decoding=\"async\" class=\"size-medium wp-image-433\" src=\"https:\/\/www.ekovore.com\/app\/uploads\/2023\/02\/street-urination02-1024x420-1-690x283.jpg\" alt=\"Urinary incivilities in cities\" width=\"690\" height=\"283\" srcset=\"https:\/\/www.ekovore.com\/app\/uploads\/2023\/02\/street-urination02-1024x420-1-690x283.jpg 690w, https:\/\/www.ekovore.com\/app\/uploads\/2023\/02\/street-urination02-1024x420-1-768x315.jpg 768w, https:\/\/www.ekovore.com\/app\/uploads\/2023\/02\/street-urination02-1024x420-1-416x171.jpg 416w, https:\/\/www.ekovore.com\/app\/uploads\/2023\/02\/street-urination02-1024x420-1.jpg 1024w\" sizes=\"auto, (max-width: 690px) 100vw, 690px\" \/><\/p>\n<ul>\n<li>Access for residents and shop windows preserved<\/li>\n<li>Protected technical cabinets<\/li>\n<li>Elimination of unpleasant odours<\/li>\n<li>Significant reduction in complaints from residents and businesses<\/li>\n<li>Less dirty and more available public toilets<\/li>\n<\/ul>\n<p><img loading=\"lazy\" decoding=\"async\" class=\"size-medium wp-image-435\" src=\"https:\/\/www.ekovore.com\/app\/uploads\/2023\/02\/nettoyage-de-rue-690x310.jpg\" alt=\"Street cleaning by a technical agent\" width=\"690\" height=\"310\" srcset=\"https:\/\/www.ekovore.com\/app\/uploads\/2023\/02\/nettoyage-de-rue-690x310.jpg 690w, https:\/\/www.ekovore.com\/app\/uploads\/2023\/02\/nettoyage-de-rue-416x187.jpg 416w, https:\/\/www.ekovore.com\/app\/uploads\/2023\/02\/nettoyage-de-rue.jpg 703w\" sizes=\"auto, (max-width: 690px) 100vw, 690px\" \/><\/p>\n<h4>Time and water savings for local authorities<\/h4>\n<ul>\n<li>Significant savings in drinking water, detergents and deodorants<\/li>\n<li>Considerable time savings for street cleaning by agents<\/li>\n<\/ul>\n<p>This gives technical cleaning services greater peace of mind.<\/p>\n<h4>Complementary equipment for other EKOVORE sanitary solutions<\/h4>\n<p>The Uritrottoir Maxi can be deployed on its own or as a supplement:<\/p>\n<ul>\n<li><a href=\"https:\/\/www.ekovore.com\/produit\/uritrottoir-classic\/\">Classic Uritrottoirs,<\/a><\/li>\n<li>the <a href=\"https:\/\/www.ekovore.com\/produit\/uritrottoir-mixt-urinoirs-publics-pour-femme-et-homme-ekovore\/\">Mixt Uritrottoir<\/a> to meet the needs of both women and men,<\/li>\n<li>other resource management equipment developed by <a href=\"https:\/\/www.ekovore.com\/outils-transition-ecologique\/\">EKOVORE<\/a>.<\/li>\n<\/ul>\n","protected":false},"excerpt":{"rendered":"<p>Waterless and connection-free public urinal, designed for high-traffic urban areas. 220-liter capacity (630 uses), expandable to 440 liters in a coupled configuration. Made of stainless steel, installed in under an hour, without civil engineering work. Ideal for municipalities, city center managers, and sanitation services.   <\/p>\n","protected":false},"featured_media":3187,"comment_status":"open","ping_status":"closed","template":"","meta":{"_eb_attr":""},"product_brand":[],"product_cat":[79,55,25,60,80],"product_tag":[],"class_list":{"0":"post-3217","1":"product","2":"type-product","3":"status-publish","4":"has-post-thumbnail","6":"product_cat-dry-toilet","7":"product_cat-local-authorities","8":"product_cat-urine-en-2","9":"product_cat-uritrottoir-urine-en-2","10":"product_cat-waterless-urinal","12":"first","13":"instock","14":"taxable","15":"shipping-taxable","16":"product-type-simple"},"group_of_quantity":0,"min_quantity":0,"max_quantity":"","exclude_order_quantity_value_rules":"no","exclude_category_quantity_rules":"no","combine_variations":"no","yoast_head":"<!-- This site is optimized with the Yoast SEO plugin v26.7 - https:\/\/yoast.com\/wordpress\/plugins\/seo\/ -->\n<title>Maxi Uritrottoir | Waterless urban urinal, 220L, with filling probe<\/title>\n<meta name=\"description\" content=\"220L waterless urban urinal, accessible 24\/7, robust and compact. Features a communicating filling probe. Combats public urination in city centers.\" \/>\n<meta name=\"robots\" content=\"index, follow, max-snippet:-1, max-image-preview:large, max-video-preview:-1\" \/>\n<link rel=\"canonical\" href=\"https:\/\/www.ekovore.com\/en\/product\/uritrottoir-large-capacity-urban\/\" \/>\n<meta property=\"og:locale\" content=\"en_US\" \/>\n<meta property=\"og:type\" content=\"article\" \/>\n<meta property=\"og:title\" content=\"Maxi Uritrottoir | Waterless urban urinal, 220L, with filling probe\" \/>\n<meta property=\"og:description\" content=\"220L waterless urban urinal, accessible 24\/7, robust and compact. Features a communicating filling probe. Combats public urination in city centers.\" \/>\n<meta property=\"og:url\" content=\"https:\/\/www.ekovore.com\/en\/product\/uritrottoir-large-capacity-urban\/\" \/>\n<meta property=\"og:site_name\" content=\"Ekovore\" \/>\n<meta property=\"article:modified_time\" content=\"2026-04-28T15:57:20+00:00\" \/>\n<meta property=\"og:image\" content=\"https:\/\/www.ekovore.com\/app\/uploads\/2025\/12\/Uritrottoir-MAXI-051225.3257-carre-scaled.jpg\" \/>\n\t<meta property=\"og:image:width\" content=\"2560\" \/>\n\t<meta property=\"og:image:height\" content=\"2560\" \/>\n\t<meta property=\"og:image:type\" content=\"image\/jpeg\" \/>\n<meta name=\"twitter:card\" content=\"summary_large_image\" \/>\n<meta name=\"twitter:label1\" content=\"Est. reading time\" \/>\n\t<meta name=\"twitter:data1\" content=\"3 minutes\" \/>\n<script type=\"application\/ld+json\" class=\"yoast-schema-graph\">{\"@context\":\"https:\/\/schema.org\",\"@graph\":[{\"@type\":\"WebPage\",\"@id\":\"https:\/\/www.ekovore.com\/en\/product\/uritrottoir-large-capacity-urban\/\",\"url\":\"https:\/\/www.ekovore.com\/en\/product\/uritrottoir-large-capacity-urban\/\",\"name\":\"Maxi Uritrottoir | Waterless urban urinal, 220L, with filling probe\",\"isPartOf\":{\"@id\":\"https:\/\/www.ekovore.com\/#website\"},\"primaryImageOfPage\":{\"@id\":\"https:\/\/www.ekovore.com\/en\/product\/uritrottoir-large-capacity-urban\/#primaryimage\"},\"image\":{\"@id\":\"https:\/\/www.ekovore.com\/en\/product\/uritrottoir-large-capacity-urban\/#primaryimage\"},\"thumbnailUrl\":\"https:\/\/www.ekovore.com\/app\/uploads\/2025\/12\/Uritrottoir-MAXI-051225.3257-carre-scaled.jpg\",\"datePublished\":\"2025-12-05T15:09:33+00:00\",\"dateModified\":\"2026-04-28T15:57:20+00:00\",\"description\":\"220L waterless urban urinal, accessible 24\/7, robust and compact. Features a communicating filling probe. Combats public urination in city centers.\",\"breadcrumb\":{\"@id\":\"https:\/\/www.ekovore.com\/en\/product\/uritrottoir-large-capacity-urban\/#breadcrumb\"},\"inLanguage\":\"en-US\",\"potentialAction\":[{\"@type\":\"ReadAction\",\"target\":[\"https:\/\/www.ekovore.com\/en\/product\/uritrottoir-large-capacity-urban\/\"]}]},{\"@type\":\"ImageObject\",\"inLanguage\":\"en-US\",\"@id\":\"https:\/\/www.ekovore.com\/en\/product\/uritrottoir-large-capacity-urban\/#primaryimage\",\"url\":\"https:\/\/www.ekovore.com\/app\/uploads\/2025\/12\/Uritrottoir-MAXI-051225.3257-carre-scaled.jpg\",\"contentUrl\":\"https:\/\/www.ekovore.com\/app\/uploads\/2025\/12\/Uritrottoir-MAXI-051225.3257-carre-scaled.jpg\",\"width\":2560,\"height\":2560,\"caption\":\"Maxi Uritrottoir in blue-grey colour equipped with two side privacy screens, ensuring more discretion for users in public space.\"},{\"@type\":\"BreadcrumbList\",\"@id\":\"https:\/\/www.ekovore.com\/en\/product\/uritrottoir-large-capacity-urban\/#breadcrumb\",\"itemListElement\":[{\"@type\":\"ListItem\",\"position\":1,\"name\":\"Home\",\"item\":\"https:\/\/www.ekovore.com\/en\/\"},{\"@type\":\"ListItem\",\"position\":2,\"name\":\"Our products\",\"item\":\"https:\/\/www.ekovore.com\/en\/outils-transition-ecologique\/\"},{\"@type\":\"ListItem\",\"position\":3,\"name\":\"URITROTTOIR | maxi\"}]},{\"@type\":\"WebSite\",\"@id\":\"https:\/\/www.ekovore.com\/#website\",\"url\":\"https:\/\/www.ekovore.com\/\",\"name\":\"Ekovore\",\"description\":\"Les outils de la transition \u00e9cologique\",\"publisher\":{\"@id\":\"https:\/\/www.ekovore.com\/#organization\"},\"potentialAction\":[{\"@type\":\"SearchAction\",\"target\":{\"@type\":\"EntryPoint\",\"urlTemplate\":\"https:\/\/www.ekovore.com\/?s={search_term_string}\"},\"query-input\":{\"@type\":\"PropertyValueSpecification\",\"valueRequired\":true,\"valueName\":\"search_term_string\"}}],\"inLanguage\":\"en-US\"},{\"@type\":\"Organization\",\"@id\":\"https:\/\/www.ekovore.com\/#organization\",\"name\":\"Ekovore\",\"url\":\"https:\/\/www.ekovore.com\/\",\"logo\":{\"@type\":\"ImageObject\",\"inLanguage\":\"en-US\",\"@id\":\"https:\/\/www.ekovore.com\/#\/schema\/logo\/image\/\",\"url\":\"https:\/\/www.ekovore.com\/app\/uploads\/2023\/03\/cropped-LOGO-EKOVORE-GRIS-6.png\",\"contentUrl\":\"https:\/\/www.ekovore.com\/app\/uploads\/2023\/03\/cropped-LOGO-EKOVORE-GRIS-6.png\",\"width\":737,\"height\":164,\"caption\":\"Ekovore\"},\"image\":{\"@id\":\"https:\/\/www.ekovore.com\/#\/schema\/logo\/image\/\"}}]}<\/script>\n<!-- \/ Yoast SEO plugin. -->","yoast_head_json":{"title":"Maxi Uritrottoir | Waterless urban urinal, 220L, with filling probe","description":"220L waterless urban urinal, accessible 24\/7, robust and compact. Features a communicating filling probe. Combats public urination in city centers.","robots":{"index":"index","follow":"follow","max-snippet":"max-snippet:-1","max-image-preview":"max-image-preview:large","max-video-preview":"max-video-preview:-1"},"canonical":"https:\/\/www.ekovore.com\/en\/product\/uritrottoir-large-capacity-urban\/","og_locale":"en_US","og_type":"article","og_title":"Maxi Uritrottoir | Waterless urban urinal, 220L, with filling probe","og_description":"220L waterless urban urinal, accessible 24\/7, robust and compact. Features a communicating filling probe. Combats public urination in city centers.","og_url":"https:\/\/www.ekovore.com\/en\/product\/uritrottoir-large-capacity-urban\/","og_site_name":"Ekovore","article_modified_time":"2026-04-28T15:57:20+00:00","og_image":[{"width":2560,"height":2560,"url":"https:\/\/www.ekovore.com\/app\/uploads\/2025\/12\/Uritrottoir-MAXI-051225.3257-carre-scaled.jpg","type":"image\/jpeg"}],"twitter_card":"summary_large_image","twitter_misc":{"Est. reading time":"3 minutes"},"schema":{"@context":"https:\/\/schema.org","@graph":[{"@type":"WebPage","@id":"https:\/\/www.ekovore.com\/en\/product\/uritrottoir-large-capacity-urban\/","url":"https:\/\/www.ekovore.com\/en\/product\/uritrottoir-large-capacity-urban\/","name":"Maxi Uritrottoir | Waterless urban urinal, 220L, with filling probe","isPartOf":{"@id":"https:\/\/www.ekovore.com\/#website"},"primaryImageOfPage":{"@id":"https:\/\/www.ekovore.com\/en\/product\/uritrottoir-large-capacity-urban\/#primaryimage"},"image":{"@id":"https:\/\/www.ekovore.com\/en\/product\/uritrottoir-large-capacity-urban\/#primaryimage"},"thumbnailUrl":"https:\/\/www.ekovore.com\/app\/uploads\/2025\/12\/Uritrottoir-MAXI-051225.3257-carre-scaled.jpg","datePublished":"2025-12-05T15:09:33+00:00","dateModified":"2026-04-28T15:57:20+00:00","description":"220L waterless urban urinal, accessible 24\/7, robust and compact. Features a communicating filling probe. Combats public urination in city centers.","breadcrumb":{"@id":"https:\/\/www.ekovore.com\/en\/product\/uritrottoir-large-capacity-urban\/#breadcrumb"},"inLanguage":"en-US","potentialAction":[{"@type":"ReadAction","target":["https:\/\/www.ekovore.com\/en\/product\/uritrottoir-large-capacity-urban\/"]}]},{"@type":"ImageObject","inLanguage":"en-US","@id":"https:\/\/www.ekovore.com\/en\/product\/uritrottoir-large-capacity-urban\/#primaryimage","url":"https:\/\/www.ekovore.com\/app\/uploads\/2025\/12\/Uritrottoir-MAXI-051225.3257-carre-scaled.jpg","contentUrl":"https:\/\/www.ekovore.com\/app\/uploads\/2025\/12\/Uritrottoir-MAXI-051225.3257-carre-scaled.jpg","width":2560,"height":2560,"caption":"Maxi Uritrottoir in blue-grey colour equipped with two side privacy screens, ensuring more discretion for users in public space."},{"@type":"BreadcrumbList","@id":"https:\/\/www.ekovore.com\/en\/product\/uritrottoir-large-capacity-urban\/#breadcrumb","itemListElement":[{"@type":"ListItem","position":1,"name":"Home","item":"https:\/\/www.ekovore.com\/en\/"},{"@type":"ListItem","position":2,"name":"Our products","item":"https:\/\/www.ekovore.com\/en\/outils-transition-ecologique\/"},{"@type":"ListItem","position":3,"name":"URITROTTOIR | maxi"}]},{"@type":"WebSite","@id":"https:\/\/www.ekovore.com\/#website","url":"https:\/\/www.ekovore.com\/","name":"Ekovore","description":"Les outils de la transition \u00e9cologique","publisher":{"@id":"https:\/\/www.ekovore.com\/#organization"},"potentialAction":[{"@type":"SearchAction","target":{"@type":"EntryPoint","urlTemplate":"https:\/\/www.ekovore.com\/?s={search_term_string}"},"query-input":{"@type":"PropertyValueSpecification","valueRequired":true,"valueName":"search_term_string"}}],"inLanguage":"en-US"},{"@type":"Organization","@id":"https:\/\/www.ekovore.com\/#organization","name":"Ekovore","url":"https:\/\/www.ekovore.com\/","logo":{"@type":"ImageObject","inLanguage":"en-US","@id":"https:\/\/www.ekovore.com\/#\/schema\/logo\/image\/","url":"https:\/\/www.ekovore.com\/app\/uploads\/2023\/03\/cropped-LOGO-EKOVORE-GRIS-6.png","contentUrl":"https:\/\/www.ekovore.com\/app\/uploads\/2023\/03\/cropped-LOGO-EKOVORE-GRIS-6.png","width":737,"height":164,"caption":"Ekovore"},"image":{"@id":"https:\/\/www.ekovore.com\/#\/schema\/logo\/image\/"}}]}},"_links":{"self":[{"href":"https:\/\/www.ekovore.com\/en\/wp-json\/wp\/v2\/product\/3217","targetHints":{"allow":["GET"]}}],"collection":[{"href":"https:\/\/www.ekovore.com\/en\/wp-json\/wp\/v2\/product"}],"about":[{"href":"https:\/\/www.ekovore.com\/en\/wp-json\/wp\/v2\/types\/product"}],"replies":[{"embeddable":true,"href":"https:\/\/www.ekovore.com\/en\/wp-json\/wp\/v2\/comments?post=3217"}],"wp:featuredmedia":[{"embeddable":true,"href":"https:\/\/www.ekovore.com\/en\/wp-json\/wp\/v2\/media\/3187"}],"wp:attachment":[{"href":"https:\/\/www.ekovore.com\/en\/wp-json\/wp\/v2\/media?parent=3217"}],"wp:term":[{"taxonomy":"product_brand","embeddable":true,"href":"https:\/\/www.ekovore.com\/en\/wp-json\/wp\/v2\/product_brand?post=3217"},{"taxonomy":"product_cat","embeddable":true,"href":"https:\/\/www.ekovore.com\/en\/wp-json\/wp\/v2\/product_cat?post=3217"},{"taxonomy":"product_tag","embeddable":true,"href":"https:\/\/www.ekovore.com\/en\/wp-json\/wp\/v2\/product_tag?post=3217"}],"curies":[{"name":"wp","href":"https:\/\/api.w.org\/{rel}","templated":true}]}}